{"id":45,"date":"2018-11-08T18:24:17","date_gmt":"2018-11-08T15:24:17","guid":{"rendered":"http:\/\/www.bgnhukuk.com.tr\/en\/?page_id=45"},"modified":"2018-11-08T18:25:50","modified_gmt":"2018-11-08T15:25:50","slug":"contact-us","status":"publish","type":"page","link":"https:\/\/www.bgnhukuk.com.tr\/en\/contact-us\/","title":{"rendered":"CONTACT US"},"content":{"rendered":"<div class=\"adresalani\">\n<strong>TELEPHONE :<\/strong> <a href=\"tel:+902162120039\">0216 212 00 39<\/a><br \/>\n<strong>MA\u0130L :<\/strong> <a href=\"mailto:info@bgnhukuk.com\">info@bgnhukuk.com<\/a><br \/>\n<strong>ADDRESS :<\/strong> Anadolu Hisar\u0131 Mahallesi Beyzade Sokak No.9 D.3 Beykoz\/\u0130STANBUL<\/p>\n<h2>CONTACT FORM<\/h2>\n<div class=\"form2\">[contact-form-7 id=&#8221;89&#8243; title=&#8221;\u0130leti\u015fim formu 1&#8243;]<\/div>\n<h2>MAP<\/h2>\n<div class=\"haritalar2\"><iframe loading=\"lazy\" src=\"https:\/\/www.google.com\/maps\/embed?pb=!1m18!1m12!1m3!1d3007.28889635906!2d29.07446051492509!3d41.084534079293064!2m3!1f0!2f0!3f0!3m2!1i1024!2i768!4f13.1!3m3!1m2!1s0x14caca244193f873%3A0xd57936c61d2bdc94!2sAnadolu+Hisar%C4%B1+Mh.%2C+Beyzade+Sk.+No%3A9+D%3A3%2C+34810+Beykoz%2F%C4%B0stanbul!5e0!3m2!1str!2str!4v1538129909643\" width=\"100%\" height=\"450\" frameborder=\"0\" style=\"border:0\" allowfullscreen><\/iframe><\/div>\n<\/div>\n","protected":false},"excerpt":{"rendered":"<p>TELEPHONE : 0216 212 00 39 MA\u0130L : info@bgnhukuk.com ADDRESS : Anadolu Hisar\u0131 Mahallesi Beyzade Sokak No.9 D.3 Beykoz\/\u0130STANBUL CONTACT FORM [contact-form-7 id=&#8221;89&#8243; title=&#8221;\u0130leti\u015fim formu 1&#8243;] MAP<\/p>\n","protected":false},"author":1,"featured_media":0,"parent":0,"menu_order":0,"comment_status":"closed","ping_status":"closed","template":"","meta":{"footnotes":""},"class_list":["post-45","page","type-page","status-publish","hentry"],"_links":{"self":[{"href":"https:\/\/www.bgnhukuk.com.tr\/en\/wp-json\/wp\/v2\/pages\/45","targetHints":{"allow":["GET"]}}],"collection":[{"href":"https:\/\/www.bgnhukuk.com.tr\/en\/wp-json\/wp\/v2\/pages"}],"about":[{"href":"https:\/\/www.bgnhukuk.com.tr\/en\/wp-json\/wp\/v2\/types\/page"}],"author":[{"embeddable":true,"href":"https:\/\/www.bgnhukuk.com.tr\/en\/wp-json\/wp\/v2\/users\/1"}],"replies":[{"embeddable":true,"href":"https:\/\/www.bgnhukuk.com.tr\/en\/wp-json\/wp\/v2\/comments?post=45"}],"version-history":[{"count":3,"href":"https:\/\/www.bgnhukuk.com.tr\/en\/wp-json\/wp\/v2\/pages\/45\/revisions"}],"predecessor-version":[{"id":48,"href":"https:\/\/www.bgnhukuk.com.tr\/en\/wp-json\/wp\/v2\/pages\/45\/revisions\/48"}],"wp:attachment":[{"href":"https:\/\/www.bgnhukuk.com.tr\/en\/wp-json\/wp\/v2\/media?parent=45"}],"curies":[{"name":"wp","href":"https:\/\/api.w.org\/{rel}","templated":true}]}}